{"id":1530,"date":"2026-03-24T17:44:57","date_gmt":"2026-03-24T16:44:57","guid":{"rendered":"https:\/\/curioustaiwan.com\/mentions-legales\/"},"modified":"2026-04-11T05:22:17","modified_gmt":"2026-04-11T03:22:17","slug":"mentions-legales","status":"publish","type":"page","link":"https:\/\/curioustaiwan.com\/en\/mentions-legales\/","title":{"rendered":"Mentions l\u00e9gales"},"content":{"rendered":"\t\t<div data-elementor-type=\"wp-page\" data-elementor-id=\"1530\" class=\"elementor elementor-1530 elementor-1350\" data-elementor-post-type=\"page\">\n\t\t\t\t<div class=\"elementor-element elementor-element-7e252bbf e-flex e-con-boxed e-con e-parent\" data-id=\"7e252bbf\" data-element_type=\"container\" data-e-type=\"container\" data-settings=\"{&quot;background_background&quot;:&quot;classic&quot;}\">\n\t\t\t\t\t<div class=\"e-con-inner\">\n\t\t<div class=\"elementor-element elementor-element-3099e3d9 e-con-full e-flex e-con e-child\" data-id=\"3099e3d9\" data-element_type=\"container\" data-e-type=\"container\">\n\t\t\t\t<div class=\"elementor-element elementor-element-13fb893a elementor-widget elementor-widget-breadcrumbs\" data-id=\"13fb893a\" data-element_type=\"widget\" data-e-type=\"widget\" data-widget_type=\"breadcrumbs.default\">\n\t\t\t\t\t<p id=\"breadcrumbs\"><span><span><a href=\"https:\/\/curioustaiwan.com\/en\/home\/\">Accueil<\/a><\/span><\/span><\/p>\t\t\t\t<\/div>\n\t\t<div class=\"elementor-element elementor-element-3d4e4fbc e-con-full e-flex e-con e-child\" data-id=\"3d4e4fbc\" data-element_type=\"container\" data-e-type=\"container\">\n\t\t\t\t<div class=\"elementor-element elementor-element-2225115b elementor-invisible elementor-widget elementor-widget-heading\" data-id=\"2225115b\" data-element_type=\"widget\" data-e-type=\"widget\" data-settings=\"{&quot;_animation&quot;:&quot;fadeInUp&quot;}\" data-widget_type=\"heading.default\">\n\t\t\t\t\t<h1 class=\"elementor-heading-title elementor-size-default\">Mentions l\u00e9gales<\/h1>\t\t\t\t<\/div>\n\t\t\t\t<\/div>\n\t\t\t\t<\/div>\n\t\t\t\t\t<\/div>\n\t\t\t\t<\/div>\n\t\t<div class=\"elementor-element elementor-element-f799843 e-flex e-con-boxed e-con e-parent\" data-id=\"f799843\" data-element_type=\"container\" data-e-type=\"container\" data-settings=\"{&quot;background_background&quot;:&quot;classic&quot;}\">\n\t\t\t\t\t<div class=\"e-con-inner\">\n\t\t<div class=\"elementor-element elementor-element-1001ba9e e-flex e-con-boxed e-con e-child\" data-id=\"1001ba9e\" data-element_type=\"container\" data-e-type=\"container\">\n\t\t\t\t\t<div class=\"e-con-inner\">\n\t\t\t\t<div class=\"elementor-element elementor-element-d6610cb elementor-widget elementor-widget-heading\" data-id=\"d6610cb\" data-element_type=\"widget\" data-e-type=\"widget\" data-widget_type=\"heading.default\">\n\t\t\t\t\t<h2 class=\"elementor-heading-title elementor-size-default\">1. \u00c9diteur du site<\/h2>\t\t\t\t<\/div>\n\t\t\t\t<div class=\"elementor-element elementor-element-33cdb890 elementor-widget elementor-widget-text-editor\" data-id=\"33cdb890\" data-element_type=\"widget\" data-e-type=\"widget\" data-widget_type=\"text-editor.default\">\n\t\t\t\t\t\t\t\t\t<p data-start=\"255\" data-end=\"336\">Le pr\u00e9sent site, accessible \u00e0 l\u2019adresse <strong data-start=\"295\" data-end=\"319\">www.curioustaiwan.fr<\/strong>, est \u00e9dit\u00e9 par :<\/p><p data-start=\"338\" data-end=\"590\">CURIOUS TAIWAN TRAVEL SERVICE LTD <br>14F., No. 206, Songjiang Rd., Zhongshan Dist., Taipei<br>02-77566638<br>License d&#8217;agence A enregistr\u00e9e \u00e0 Taipei, Taiwan : 8737<\/p><p data-start=\"592\" data-end=\"654\">Le Directeur de la publication est :<strong> Vincent Verdier<\/strong>.<\/p><p data-start=\"656\" data-end=\"781\">Le site est h\u00e9berg\u00e9 par :<br data-start=\"681\" data-end=\"684\">OVH<br>2 rue Kellermann<br>59100 Roubaix<br>France<\/p>\t\t\t\t\t\t\t\t<\/div>\n\t\t\t\t<div class=\"elementor-element elementor-element-2ab76b1 elementor-widget elementor-widget-heading\" data-id=\"2ab76b1\" data-element_type=\"widget\" data-e-type=\"widget\" data-widget_type=\"heading.default\">\n\t\t\t\t\t<h2 class=\"elementor-heading-title elementor-size-default\">2. Informations g\u00e9n\u00e9rales sur les services<\/h2>\t\t\t\t<\/div>\n\t\t\t\t<div class=\"elementor-element elementor-element-c618ba3 elementor-widget elementor-widget-text-editor\" data-id=\"c618ba3\" data-element_type=\"widget\" data-e-type=\"widget\" data-widget_type=\"text-editor.default\">\n\t\t\t\t\t\t\t\t\t<p data-start=\"171\" data-end=\"451\">Le Site est accessible gratuitement, en tout lieu, \u00e0 tout Utilisateur disposant d\u2019un acc\u00e8s \u00e0 Internet.<br data-start=\"273\" data-end=\"276\">L\u2019ensemble des frais li\u00e9s \u00e0 l\u2019acc\u00e8s au Site et \u00e0 son utilisation (mat\u00e9riel informatique, logiciels, connexion Internet, etc.) demeure \u00e0 la charge exclusive de l\u2019Utilisateur.<\/p><p data-start=\"453\" data-end=\"706\">Curious Taiwan ne saurait \u00eatre tenue responsable de tout dysfonctionnement, interruption ou probl\u00e8me de connexion imputable \u00e0 l\u2019\u00e9quipement de l\u2019Utilisateur ou \u00e0 son fournisseur d\u2019acc\u00e8s \u00e0 Internet (notamment d\u00e9bit insuffisant ou interruption de service).<\/p><p data-start=\"708\" data-end=\"984\">Les informations diffus\u00e9es sur le site curioustaiwan.fr sont fournies \u00e0 titre indicatif.<br data-start=\"796\" data-end=\"799\">Curious Taiwan s\u2019efforce d\u2019assurer l\u2019exactitude et la mise \u00e0 jour des informations publi\u00e9es, mais ne peut garantir leur exhaustivit\u00e9, leur pr\u00e9cision ou leur actualisation en temps r\u00e9el.<\/p>\t\t\t\t\t\t\t\t<\/div>\n\t\t\t\t<div class=\"elementor-element elementor-element-0d3fbc3 elementor-widget elementor-widget-heading\" data-id=\"0d3fbc3\" data-element_type=\"widget\" data-e-type=\"widget\" data-widget_type=\"heading.default\">\n\t\t\t\t\t<h2 class=\"elementor-heading-title elementor-size-default\">3. Propri\u00e9t\u00e9 intellectuelle<\/h2>\t\t\t\t<\/div>\n\t\t\t\t<div class=\"elementor-element elementor-element-58e9a05 elementor-widget elementor-widget-text-editor\" data-id=\"58e9a05\" data-element_type=\"widget\" data-e-type=\"widget\" data-widget_type=\"text-editor.default\">\n\t\t\t\t\t\t\t\t\t<p data-start=\"819\" data-end=\"1178\">L\u2019ensemble des \u00e9l\u00e9ments pr\u00e9sents sur le site <strong data-start=\"864\" data-end=\"888\">www.curioustaiwan.fr<\/strong>, notamment les textes, images, photographies, illustrations, logos, vid\u00e9os, \u00e9l\u00e9ments graphiques, structure, design et contenus t\u00e9l\u00e9chargeables, sont prot\u00e9g\u00e9s par les dispositions du Code de la propri\u00e9t\u00e9 intellectuelle et sont la propri\u00e9t\u00e9 exclusive de Curious Taiwan ou de ses partenaires.<\/p><p data-start=\"1180\" data-end=\"1405\">Toute reproduction, repr\u00e9sentation, modification, publication, adaptation ou exploitation de tout ou partie des \u00e9l\u00e9ments du site, quel que soit le moyen ou le proc\u00e9d\u00e9 utilis\u00e9, est interdite sans autorisation \u00e9crite pr\u00e9alable.<\/p><p data-start=\"1407\" data-end=\"1569\">Toute utilisation non autoris\u00e9e du site ou de l\u2019un quelconque de ses \u00e9l\u00e9ments pourra faire l\u2019objet de poursuites conform\u00e9ment aux dispositions l\u00e9gales en vigueur.<\/p><p data-start=\"1571\" data-end=\"1688\">Les marques, logos et contenus appartenant \u00e0 des tiers restent la propri\u00e9t\u00e9 exclusive de leurs titulaires respectifs.<\/p><p data-start=\"1571\" data-end=\"1688\">Toute reproduction totale ou partielle du site, par quelque proc\u00e9d\u00e9 que ce soit, sans l\u2019autorisation expresse de l\u2019\u00e9diteur, est constitutive d\u2019une contrefa\u00e7on sanctionn\u00e9e par les articles L.335-2 et suivants du Code de la propri\u00e9t\u00e9 intellectuelle.<\/p>\t\t\t\t\t\t\t\t<\/div>\n\t\t\t\t\t<\/div>\n\t\t\t\t<\/div>\n\t\t\t\t\t<\/div>\n\t\t\t\t<\/div>\n\t\t<div class=\"elementor-element elementor-element-19cf9cb7 e-flex e-con-boxed e-con e-parent\" data-id=\"19cf9cb7\" data-element_type=\"container\" data-e-type=\"container\">\n\t\t\t\t\t<div class=\"e-con-inner\">\n\t\t<div class=\"elementor-element elementor-element-300957c2 e-flex e-con-boxed e-con e-child\" data-id=\"300957c2\" data-element_type=\"container\" data-e-type=\"container\" data-settings=\"{&quot;background_background&quot;:&quot;classic&quot;}\">\n\t\t\t\t\t<div class=\"e-con-inner\">\n\t\t<div class=\"elementor-element elementor-element-78f62c8d e-con-full e-flex e-con e-child\" data-id=\"78f62c8d\" data-element_type=\"container\" data-e-type=\"container\">\n\t\t\t\t<div class=\"elementor-element elementor-element-238296d4 elementor-invisible elementor-widget elementor-widget-heading\" data-id=\"238296d4\" data-element_type=\"widget\" data-e-type=\"widget\" data-settings=\"{&quot;_animation&quot;:&quot;fadeInDown&quot;}\" data-widget_type=\"heading.default\">\n\t\t\t\t\t<span class=\"elementor-heading-title elementor-size-default\">Curieux d\u2019en savoir plus ?<\/span>\t\t\t\t<\/div>\n\t\t\t\t<div class=\"elementor-element elementor-element-200ea3ad elementor-invisible elementor-widget elementor-widget-heading\" data-id=\"200ea3ad\" data-element_type=\"widget\" data-e-type=\"widget\" data-settings=\"{&quot;_animation&quot;:&quot;fadeInUp&quot;}\" data-widget_type=\"heading.default\">\n\t\t\t\t\t<div class=\"elementor-heading-title elementor-size-default\">Partageons cette exp\u00e9rience.<\/div>\t\t\t\t<\/div>\n\t\t\t\t<\/div>\n\t\t<div class=\"elementor-element elementor-element-73bb65a9 e-con-full e-flex e-con e-child\" data-id=\"73bb65a9\" data-element_type=\"container\" data-e-type=\"container\">\n\t\t\t\t<div class=\"elementor-element elementor-element-3daf8eb elementor-align-right elementor-mobile-align-center elementor-tablet-align-center elementor-widget elementor-widget-button\" data-id=\"3daf8eb\" data-element_type=\"widget\" data-e-type=\"widget\" data-widget_type=\"button.default\">\n\t\t\t\t\t\t\t\t\t\t<a class=\"elementor-button elementor-button-link elementor-size-sm\" href=\"https:\/\/curioustaiwan.com\/en\/contact-inscription\/\">\n\t\t\t\t\t\t<span class=\"elementor-button-content-wrapper\">\n\t\t\t\t\t\t\t\t\t<span class=\"elementor-button-text\">Sign up<\/span>\n\t\t\t\t\t<\/span>\n\t\t\t\t\t<\/a>\n\t\t\t\t\t\t\t\t<\/div>\n\t\t\t\t<\/div>\n\t\t\t\t\t<\/div>\n\t\t\t\t<\/div>\n\t\t\t\t\t<\/div>\n\t\t\t\t<\/div>\n\t\t\t\t<\/div>\n\t\t","protected":false},"excerpt":{"rendered":"<p>1. \u00c9diteur du site Le pr\u00e9sent site, accessible \u00e0 l\u2019adresse www.curioustaiwan.fr, est \u00e9dit\u00e9 par : CURIOUS TAIWAN TRAVEL SERVICE LTD 14F., No. 206, Songjiang Rd., Zhongshan Dist., Taipei02-77566638License d&#8217;agence A enregistr\u00e9e \u00e0 Taipei, Taiwan : 8737 Le Directeur de la publication est : Vincent Verdier. Le site est h\u00e9berg\u00e9 par :OVH2 rue Kellermann59100 RoubaixFrance 2. [&hellip;]<\/p>\n","protected":false},"author":3,"featured_media":0,"parent":0,"menu_order":0,"comment_status":"closed","ping_status":"closed","template":"elementor_header_footer","meta":{"inline_featured_image":false,"_monsterinsights_skip_tracking":false,"_monsterinsights_sitenote_active":false,"_monsterinsights_sitenote_note":"","_monsterinsights_sitenote_category":0,"footnotes":""},"class_list":["post-1530","page","type-page","status-publish","hentry"],"yoast_head":"<!-- This site is optimized with the Yoast SEO plugin v27.5 - https:\/\/yoast.com\/product\/yoast-seo-wordpress\/ -->\n<title>Mentions l\u00e9gales - Curious Taiwan<\/title>\n<meta name=\"robots\" content=\"index, follow, max-snippet:-1, max-image-preview:large, max-video-preview:-1\" \/>\n<link rel=\"canonical\" href=\"https:\/\/curioustaiwan.com\/en\/mentions-legales\/\" \/>\n<meta property=\"og:locale\" content=\"en_US\" \/>\n<meta property=\"og:type\" content=\"article\" \/>\n<meta property=\"og:title\" content=\"Mentions l\u00e9gales - Curious Taiwan\" \/>\n<meta property=\"og:description\" content=\"1. \u00c9diteur du site Le pr\u00e9sent site, accessible \u00e0 l\u2019adresse www.curioustaiwan.fr, est \u00e9dit\u00e9 par : CURIOUS TAIWAN TRAVEL SERVICE LTD 14F., No. 206, Songjiang Rd., Zhongshan Dist., Taipei02-77566638License d&#8217;agence A enregistr\u00e9e \u00e0 Taipei, Taiwan : 8737 Le Directeur de la publication est : Vincent Verdier. Le site est h\u00e9berg\u00e9 par :OVH2 rue Kellermann59100 RoubaixFrance 2. [&hellip;]\" \/>\n<meta property=\"og:url\" content=\"https:\/\/curioustaiwan.com\/en\/mentions-legales\/\" \/>\n<meta property=\"og:site_name\" content=\"Curious Taiwan\" \/>\n<meta property=\"article:modified_time\" content=\"2026-04-11T03:22:17+00:00\" \/>\n<meta name=\"twitter:card\" content=\"summary_large_image\" \/>\n<meta name=\"twitter:label1\" content=\"Est. reading time\" \/>\n\t<meta name=\"twitter:data1\" content=\"2 minutes\" \/>\n<script type=\"application\/ld+json\" class=\"yoast-schema-graph\">{\"@context\":\"https:\\\/\\\/schema.org\",\"@graph\":[{\"@type\":\"WebPage\",\"@id\":\"https:\\\/\\\/curioustaiwan.com\\\/en\\\/mentions-legales\\\/\",\"url\":\"https:\\\/\\\/curioustaiwan.com\\\/en\\\/mentions-legales\\\/\",\"name\":\"Mentions l\u00e9gales - Curious Taiwan\",\"isPartOf\":{\"@id\":\"https:\\\/\\\/curioustaiwan.com\\\/en\\\/#website\"},\"datePublished\":\"2026-03-24T16:44:57+00:00\",\"dateModified\":\"2026-04-11T03:22:17+00:00\",\"breadcrumb\":{\"@id\":\"https:\\\/\\\/curioustaiwan.com\\\/en\\\/mentions-legales\\\/#breadcrumb\"},\"inLanguage\":\"en-US\",\"potentialAction\":[{\"@type\":\"ReadAction\",\"target\":[\"https:\\\/\\\/curioustaiwan.com\\\/en\\\/mentions-legales\\\/\"]}]},{\"@type\":\"BreadcrumbList\",\"@id\":\"https:\\\/\\\/curioustaiwan.com\\\/en\\\/mentions-legales\\\/#breadcrumb\",\"itemListElement\":[{\"@type\":\"ListItem\",\"position\":1,\"name\":\"Accueil\",\"item\":\"https:\\\/\\\/curioustaiwan.com\\\/en\\\/home\\\/\"},{\"@type\":\"ListItem\",\"position\":2,\"name\":\"Mentions l\u00e9gales\"}]},{\"@type\":\"WebSite\",\"@id\":\"https:\\\/\\\/curioustaiwan.com\\\/en\\\/#website\",\"url\":\"https:\\\/\\\/curioustaiwan.com\\\/en\\\/\",\"name\":\"Curious Taiwan\",\"description\":\"Explorez Taiwan avec nous !\",\"potentialAction\":[{\"@type\":\"SearchAction\",\"target\":{\"@type\":\"EntryPoint\",\"urlTemplate\":\"https:\\\/\\\/curioustaiwan.com\\\/en\\\/?s={search_term_string}\"},\"query-input\":{\"@type\":\"PropertyValueSpecification\",\"valueRequired\":true,\"valueName\":\"search_term_string\"}}],\"inLanguage\":\"en-US\"}]}<\/script>\n<!-- \/ Yoast SEO plugin. -->","yoast_head_json":{"title":"Mentions l\u00e9gales - Curious Taiwan","robots":{"index":"index","follow":"follow","max-snippet":"max-snippet:-1","max-image-preview":"max-image-preview:large","max-video-preview":"max-video-preview:-1"},"canonical":"https:\/\/curioustaiwan.com\/en\/mentions-legales\/","og_locale":"en_US","og_type":"article","og_title":"Mentions l\u00e9gales - Curious Taiwan","og_description":"1. \u00c9diteur du site Le pr\u00e9sent site, accessible \u00e0 l\u2019adresse www.curioustaiwan.fr, est \u00e9dit\u00e9 par : CURIOUS TAIWAN TRAVEL SERVICE LTD 14F., No. 206, Songjiang Rd., Zhongshan Dist., Taipei02-77566638License d&#8217;agence A enregistr\u00e9e \u00e0 Taipei, Taiwan : 8737 Le Directeur de la publication est : Vincent Verdier. Le site est h\u00e9berg\u00e9 par :OVH2 rue Kellermann59100 RoubaixFrance 2. [&hellip;]","og_url":"https:\/\/curioustaiwan.com\/en\/mentions-legales\/","og_site_name":"Curious Taiwan","article_modified_time":"2026-04-11T03:22:17+00:00","twitter_card":"summary_large_image","twitter_misc":{"Est. reading time":"2 minutes"},"schema":{"@context":"https:\/\/schema.org","@graph":[{"@type":"WebPage","@id":"https:\/\/curioustaiwan.com\/en\/mentions-legales\/","url":"https:\/\/curioustaiwan.com\/en\/mentions-legales\/","name":"Mentions l\u00e9gales - Curious Taiwan","isPartOf":{"@id":"https:\/\/curioustaiwan.com\/en\/#website"},"datePublished":"2026-03-24T16:44:57+00:00","dateModified":"2026-04-11T03:22:17+00:00","breadcrumb":{"@id":"https:\/\/curioustaiwan.com\/en\/mentions-legales\/#breadcrumb"},"inLanguage":"en-US","potentialAction":[{"@type":"ReadAction","target":["https:\/\/curioustaiwan.com\/en\/mentions-legales\/"]}]},{"@type":"BreadcrumbList","@id":"https:\/\/curioustaiwan.com\/en\/mentions-legales\/#breadcrumb","itemListElement":[{"@type":"ListItem","position":1,"name":"Accueil","item":"https:\/\/curioustaiwan.com\/en\/home\/"},{"@type":"ListItem","position":2,"name":"Mentions l\u00e9gales"}]},{"@type":"WebSite","@id":"https:\/\/curioustaiwan.com\/en\/#website","url":"https:\/\/curioustaiwan.com\/en\/","name":"Curious Taiwan","description":"Explorez Taiwan avec nous !","potentialAction":[{"@type":"SearchAction","target":{"@type":"EntryPoint","urlTemplate":"https:\/\/curioustaiwan.com\/en\/?s={search_term_string}"},"query-input":{"@type":"PropertyValueSpecification","valueRequired":true,"valueName":"search_term_string"}}],"inLanguage":"en-US"}]}},"_links":{"self":[{"href":"https:\/\/curioustaiwan.com\/en\/wp-json\/wp\/v2\/pages\/1530","targetHints":{"allow":["GET"]}}],"collection":[{"href":"https:\/\/curioustaiwan.com\/en\/wp-json\/wp\/v2\/pages"}],"about":[{"href":"https:\/\/curioustaiwan.com\/en\/wp-json\/wp\/v2\/types\/page"}],"author":[{"embeddable":true,"href":"https:\/\/curioustaiwan.com\/en\/wp-json\/wp\/v2\/users\/3"}],"replies":[{"embeddable":true,"href":"https:\/\/curioustaiwan.com\/en\/wp-json\/wp\/v2\/comments?post=1530"}],"version-history":[{"count":1,"href":"https:\/\/curioustaiwan.com\/en\/wp-json\/wp\/v2\/pages\/1530\/revisions"}],"predecessor-version":[{"id":1531,"href":"https:\/\/curioustaiwan.com\/en\/wp-json\/wp\/v2\/pages\/1530\/revisions\/1531"}],"wp:attachment":[{"href":"https:\/\/curioustaiwan.com\/en\/wp-json\/wp\/v2\/media?parent=1530"}],"curies":[{"name":"wp","href":"https:\/\/api.w.org\/{rel}","templated":true}]}}